{"id":10467,"date":"2023-12-11T13:55:21","date_gmt":"2023-12-11T13:55:21","guid":{"rendered":"https:\/\/thesweetseria.com\/?post_type=product&#038;p=10467"},"modified":"2026-04-06T22:27:32","modified_gmt":"2026-04-06T22:27:32","slug":"kinder-creamy-chocolate-19gr","status":"publish","type":"product","link":"https:\/\/thesweetseria.com\/es\/producto\/kinder-creamy-chocolate-19gr\/","title":{"rendered":"Kinder Creamy Chocolate 19gr"},"content":{"rendered":"","protected":false},"excerpt":{"rendered":"<p>Kinder Creamy es una deliciosa mezcla de leche y crema de cacao con arroz crujiente que viene con su propia cuchara que se encuentra en la parte trasera para que puedan hincarle el diente enseguida.\nRico en leche de vaca, este producto \u00fanico se ha dise\u00f1ado para que los ni\u00f1os disfruten de un sabroso tentempi\u00e9 sobre la marcha.<\/p>","protected":false},"featured_media":10468,"comment_status":"open","ping_status":"closed","template":"","meta":{"nf_dc_page":"","inline_featured_image":false},"product_cat":[15],"product_tag":[],"class_list":{"0":"post-10467","1":"product","2":"type-product","3":"status-publish","4":"has-post-thumbnail","6":"product_cat-chocolate","8":"first","9":"instock","10":"taxable","11":"shipping-taxable","12":"purchasable","13":"product-type-simple"},"_links":{"self":[{"href":"https:\/\/thesweetseria.com\/es\/wp-json\/wp\/v2\/product\/10467","targetHints":{"allow":["GET"]}}],"collection":[{"href":"https:\/\/thesweetseria.com\/es\/wp-json\/wp\/v2\/product"}],"about":[{"href":"https:\/\/thesweetseria.com\/es\/wp-json\/wp\/v2\/types\/product"}],"replies":[{"embeddable":true,"href":"https:\/\/thesweetseria.com\/es\/wp-json\/wp\/v2\/comments?post=10467"}],"wp:featuredmedia":[{"embeddable":true,"href":"https:\/\/thesweetseria.com\/es\/wp-json\/wp\/v2\/media\/10468"}],"wp:attachment":[{"href":"https:\/\/thesweetseria.com\/es\/wp-json\/wp\/v2\/media?parent=10467"}],"wp:term":[{"taxonomy":"product_cat","embeddable":true,"href":"https:\/\/thesweetseria.com\/es\/wp-json\/wp\/v2\/product_cat?post=10467"},{"taxonomy":"product_tag","embeddable":true,"href":"https:\/\/thesweetseria.com\/es\/wp-json\/wp\/v2\/product_tag?post=10467"}],"curies":[{"name":"wp","href":"https:\/\/api.w.org\/{rel}","templated":true}]}}