{"id":10440,"date":"2023-12-11T13:32:38","date_gmt":"2023-12-11T13:32:38","guid":{"rendered":"https:\/\/thesweetseria.com\/?post_type=product&#038;p=10440"},"modified":"2024-04-28T10:58:49","modified_gmt":"2024-04-28T10:58:49","slug":"boing-guyaba-200ml","status":"publish","type":"product","link":"https:\/\/thesweetseria.com\/es\/producto\/boing-guyaba-200ml\/","title":{"rendered":"Boing Guyaba 200ml"},"content":{"rendered":"","protected":false},"excerpt":{"rendered":"<p>Boing es una bebida de fruta natural, sin gas y elaborada con una selecci\u00f3n de frutas de pulpa de alta calidad. Su rico sabor es un complemento perfecto. Boing es un favorito que, adem\u00e1s de refrescar, es un acompa\u00f1amiento ideal para una dieta sana.<\/p>","protected":false},"featured_media":10441,"comment_status":"open","ping_status":"closed","template":"","meta":{"nf_dc_page":"","inline_featured_image":false},"product_cat":[90],"product_tag":[],"class_list":{"0":"post-10440","1":"product","2":"type-product","3":"status-publish","4":"has-post-thumbnail","6":"product_cat-drinks","8":"first","9":"outofstock","10":"sale","11":"taxable","12":"shipping-taxable","13":"purchasable","14":"product-type-simple"},"_links":{"self":[{"href":"https:\/\/thesweetseria.com\/es\/wp-json\/wp\/v2\/product\/10440","targetHints":{"allow":["GET"]}}],"collection":[{"href":"https:\/\/thesweetseria.com\/es\/wp-json\/wp\/v2\/product"}],"about":[{"href":"https:\/\/thesweetseria.com\/es\/wp-json\/wp\/v2\/types\/product"}],"replies":[{"embeddable":true,"href":"https:\/\/thesweetseria.com\/es\/wp-json\/wp\/v2\/comments?post=10440"}],"wp:featuredmedia":[{"embeddable":true,"href":"https:\/\/thesweetseria.com\/es\/wp-json\/wp\/v2\/media\/10441"}],"wp:attachment":[{"href":"https:\/\/thesweetseria.com\/es\/wp-json\/wp\/v2\/media?parent=10440"}],"wp:term":[{"taxonomy":"product_cat","embeddable":true,"href":"https:\/\/thesweetseria.com\/es\/wp-json\/wp\/v2\/product_cat?post=10440"},{"taxonomy":"product_tag","embeddable":true,"href":"https:\/\/thesweetseria.com\/es\/wp-json\/wp\/v2\/product_tag?post=10440"}],"curies":[{"name":"wp","href":"https:\/\/api.w.org\/{rel}","templated":true}]}}