{"id":10427,"date":"2023-11-27T09:18:48","date_gmt":"2023-11-27T09:18:48","guid":{"rendered":"https:\/\/thesweetseria.com\/?post_type=product&#038;p=10427"},"modified":"2024-10-27T18:44:21","modified_gmt":"2024-10-27T18:44:21","slug":"prime-strawberry-watermelon-500ml","status":"publish","type":"product","link":"https:\/\/thesweetseria.com\/es\/producto\/prime-strawberry-watermelon-500ml\/","title":{"rendered":"Prime Strawberry Watermelon 500ml"},"content":{"rendered":"","protected":false},"excerpt":{"rendered":"<p>Prime Hydration Drink Fresa Sand\u00eda 500ml es una bebida deportiva de primera calidad que proporciona hidrataci\u00f3n, energ\u00eda y sabor en cada sorbo. Contiene un 10% de agua de coco natural, una rica fuente de potasio, magnesio y otros electrolitos que reponen tu cuerpo despu\u00e9s del ejercicio, el sudor o el estr\u00e9s.<\/p>","protected":false},"featured_media":10428,"comment_status":"open","ping_status":"closed","template":"","meta":{"nf_dc_page":"","inline_featured_image":false},"product_cat":[90],"product_tag":[],"class_list":{"0":"post-10427","1":"product","2":"type-product","3":"status-publish","4":"has-post-thumbnail","6":"product_cat-drinks","8":"first","9":"outofstock","10":"sale","11":"taxable","12":"shipping-taxable","13":"purchasable","14":"product-type-simple"},"_links":{"self":[{"href":"https:\/\/thesweetseria.com\/es\/wp-json\/wp\/v2\/product\/10427","targetHints":{"allow":["GET"]}}],"collection":[{"href":"https:\/\/thesweetseria.com\/es\/wp-json\/wp\/v2\/product"}],"about":[{"href":"https:\/\/thesweetseria.com\/es\/wp-json\/wp\/v2\/types\/product"}],"replies":[{"embeddable":true,"href":"https:\/\/thesweetseria.com\/es\/wp-json\/wp\/v2\/comments?post=10427"}],"wp:featuredmedia":[{"embeddable":true,"href":"https:\/\/thesweetseria.com\/es\/wp-json\/wp\/v2\/media\/10428"}],"wp:attachment":[{"href":"https:\/\/thesweetseria.com\/es\/wp-json\/wp\/v2\/media?parent=10427"}],"wp:term":[{"taxonomy":"product_cat","embeddable":true,"href":"https:\/\/thesweetseria.com\/es\/wp-json\/wp\/v2\/product_cat?post=10427"},{"taxonomy":"product_tag","embeddable":true,"href":"https:\/\/thesweetseria.com\/es\/wp-json\/wp\/v2\/product_tag?post=10427"}],"curies":[{"name":"wp","href":"https:\/\/api.w.org\/{rel}","templated":true}]}}