{"id":10425,"date":"2023-11-27T09:17:48","date_gmt":"2023-11-27T09:17:48","guid":{"rendered":"https:\/\/thesweetseria.com\/?post_type=product&#038;p=10425"},"modified":"2025-05-01T16:04:11","modified_gmt":"2025-05-01T16:04:11","slug":"power-poppers-sour-foami-suret-88ml","status":"publish","type":"product","link":"https:\/\/thesweetseria.com\/es\/producto\/power-poppers-sour-foami-suret-88ml\/","title":{"rendered":"Power Poppers Sour Foami Suret 88ml"},"content":{"rendered":"","protected":false},"excerpt":{"rendered":"<p>Este divertido caramelo canadiense es una lata llena de delicias \u00e1cidas. Est\u00e1 esperando a que lo roc\u00edes en tu boca de golosina \u00e1cida. Tiene una textura espumosa y est\u00e1 disponible en los sabores de frambuesa azul, manzana verde y fresa. Un caramelo novedoso perfecto y muy divertido.<\/p>","protected":false},"featured_media":10426,"comment_status":"open","ping_status":"closed","template":"","meta":{"nf_dc_page":"","inline_featured_image":false},"product_cat":[90],"product_tag":[],"class_list":{"0":"post-10425","1":"product","2":"type-product","3":"status-publish","4":"has-post-thumbnail","6":"product_cat-drinks","8":"first","9":"instock","10":"taxable","11":"shipping-taxable","12":"purchasable","13":"product-type-simple"},"_links":{"self":[{"href":"https:\/\/thesweetseria.com\/es\/wp-json\/wp\/v2\/product\/10425","targetHints":{"allow":["GET"]}}],"collection":[{"href":"https:\/\/thesweetseria.com\/es\/wp-json\/wp\/v2\/product"}],"about":[{"href":"https:\/\/thesweetseria.com\/es\/wp-json\/wp\/v2\/types\/product"}],"replies":[{"embeddable":true,"href":"https:\/\/thesweetseria.com\/es\/wp-json\/wp\/v2\/comments?post=10425"}],"wp:featuredmedia":[{"embeddable":true,"href":"https:\/\/thesweetseria.com\/es\/wp-json\/wp\/v2\/media\/10426"}],"wp:attachment":[{"href":"https:\/\/thesweetseria.com\/es\/wp-json\/wp\/v2\/media?parent=10425"}],"wp:term":[{"taxonomy":"product_cat","embeddable":true,"href":"https:\/\/thesweetseria.com\/es\/wp-json\/wp\/v2\/product_cat?post=10425"},{"taxonomy":"product_tag","embeddable":true,"href":"https:\/\/thesweetseria.com\/es\/wp-json\/wp\/v2\/product_tag?post=10425"}],"curies":[{"name":"wp","href":"https:\/\/api.w.org\/{rel}","templated":true}]}}