{"id":10423,"date":"2023-11-27T09:16:11","date_gmt":"2023-11-27T09:16:11","guid":{"rendered":"https:\/\/thesweetseria.com\/?post_type=product&#038;p=10423"},"modified":"2024-10-29T17:12:54","modified_gmt":"2024-10-29T17:12:54","slug":"jolly-rancher-6-un-singles-watermelon","status":"publish","type":"product","link":"https:\/\/thesweetseria.com\/es\/producto\/jolly-rancher-6-un-singles-watermelon\/","title":{"rendered":"JOLLY RANCHER 6 UN SINGLES Watermelon"},"content":{"rendered":"","protected":false},"excerpt":{"rendered":"<p>Jolly Rancher Watermelon Singles To Go 6 Bolsitas Drink Mix 18.8g. \u00a1Jolly Rancher Watermelon Singles To Go son la forma sin az\u00facar de disfrutar del delicioso sabor de Jolly Ranchers Sand\u00eda en una bebida! S\u00f3lo tienen 5 calor\u00edas por porci\u00f3n, \u00a1y est\u00e1n deliciosos!<\/p>","protected":false},"featured_media":10424,"comment_status":"open","ping_status":"closed","template":"","meta":{"nf_dc_page":"","inline_featured_image":false},"product_cat":[108],"product_tag":[],"class_list":{"0":"post-10423","1":"product","2":"type-product","3":"status-publish","4":"has-post-thumbnail","6":"product_cat-candies","8":"first","9":"outofstock","10":"taxable","11":"shipping-taxable","12":"purchasable","13":"product-type-simple"},"_links":{"self":[{"href":"https:\/\/thesweetseria.com\/es\/wp-json\/wp\/v2\/product\/10423","targetHints":{"allow":["GET"]}}],"collection":[{"href":"https:\/\/thesweetseria.com\/es\/wp-json\/wp\/v2\/product"}],"about":[{"href":"https:\/\/thesweetseria.com\/es\/wp-json\/wp\/v2\/types\/product"}],"replies":[{"embeddable":true,"href":"https:\/\/thesweetseria.com\/es\/wp-json\/wp\/v2\/comments?post=10423"}],"wp:featuredmedia":[{"embeddable":true,"href":"https:\/\/thesweetseria.com\/es\/wp-json\/wp\/v2\/media\/10424"}],"wp:attachment":[{"href":"https:\/\/thesweetseria.com\/es\/wp-json\/wp\/v2\/media?parent=10423"}],"wp:term":[{"taxonomy":"product_cat","embeddable":true,"href":"https:\/\/thesweetseria.com\/es\/wp-json\/wp\/v2\/product_cat?post=10423"},{"taxonomy":"product_tag","embeddable":true,"href":"https:\/\/thesweetseria.com\/es\/wp-json\/wp\/v2\/product_tag?post=10423"}],"curies":[{"name":"wp","href":"https:\/\/api.w.org\/{rel}","templated":true}]}}