{"id":10417,"date":"2023-11-27T09:12:26","date_gmt":"2023-11-27T09:12:26","guid":{"rendered":"https:\/\/thesweetseria.com\/?post_type=product&#038;p=10417"},"modified":"2026-01-29T16:21:05","modified_gmt":"2026-01-29T16:21:05","slug":"china-fanta-jasmine-peach-500ml","status":"publish","type":"product","link":"https:\/\/thesweetseria.com\/es\/producto\/china-fanta-jasmine-peach-500ml\/","title":{"rendered":"China Fanta Jasmine Peach 500ml"},"content":{"rendered":"","protected":false},"excerpt":{"rendered":"<p>Esta exquisita bebida combina la arom\u00e1tica esencia de las delicadas flores de jazm\u00edn con la suculenta dulzura de los melocotones maduros, todo ello envuelto en la efervescencia caracter\u00edstica de Fanta, creando una experiencia refrescante y fragante \u00fanica que transportar\u00e1 sus papilas gustativas a un dichoso para\u00edso.<\/p>","protected":false},"featured_media":10418,"comment_status":"open","ping_status":"closed","template":"","meta":{"nf_dc_page":"","inline_featured_image":false},"product_cat":[90],"product_tag":[],"class_list":{"0":"post-10417","1":"product","2":"type-product","3":"status-publish","4":"has-post-thumbnail","6":"product_cat-drinks","8":"first","9":"instock","10":"taxable","11":"shipping-taxable","12":"purchasable","13":"product-type-simple"},"_links":{"self":[{"href":"https:\/\/thesweetseria.com\/es\/wp-json\/wp\/v2\/product\/10417","targetHints":{"allow":["GET"]}}],"collection":[{"href":"https:\/\/thesweetseria.com\/es\/wp-json\/wp\/v2\/product"}],"about":[{"href":"https:\/\/thesweetseria.com\/es\/wp-json\/wp\/v2\/types\/product"}],"replies":[{"embeddable":true,"href":"https:\/\/thesweetseria.com\/es\/wp-json\/wp\/v2\/comments?post=10417"}],"wp:featuredmedia":[{"embeddable":true,"href":"https:\/\/thesweetseria.com\/es\/wp-json\/wp\/v2\/media\/10418"}],"wp:attachment":[{"href":"https:\/\/thesweetseria.com\/es\/wp-json\/wp\/v2\/media?parent=10417"}],"wp:term":[{"taxonomy":"product_cat","embeddable":true,"href":"https:\/\/thesweetseria.com\/es\/wp-json\/wp\/v2\/product_cat?post=10417"},{"taxonomy":"product_tag","embeddable":true,"href":"https:\/\/thesweetseria.com\/es\/wp-json\/wp\/v2\/product_tag?post=10417"}],"curies":[{"name":"wp","href":"https:\/\/api.w.org\/{rel}","templated":true}]}}