{"id":10412,"date":"2023-11-27T09:10:16","date_gmt":"2023-11-27T09:10:16","guid":{"rendered":"https:\/\/thesweetseria.com\/?post_type=product&#038;p=10412"},"modified":"2026-02-23T17:57:57","modified_gmt":"2026-02-23T17:57:57","slug":"china-fanta-apple-500ml","status":"publish","type":"product","link":"https:\/\/thesweetseria.com\/es\/producto\/china-fanta-apple-500ml\/","title":{"rendered":"China Fanta Apple 500ml"},"content":{"rendered":"","protected":false},"excerpt":{"rendered":"<p>Fanta sabor Manzana es dulce y sabrosa, con aut\u00e9ntico sabor a manzana. La combinaci\u00f3n del sabor crujiente y refrescante de la manzana con el cl\u00e1sico sabor a Cola lleva m\u00e1s de 50 a\u00f1os gustando a los fans de Fanta en Jap\u00f3n.<\/p>","protected":false},"featured_media":10414,"comment_status":"open","ping_status":"closed","template":"","meta":{"nf_dc_page":"","inline_featured_image":false},"product_cat":[90],"product_tag":[],"class_list":{"0":"post-10412","1":"product","2":"type-product","3":"status-publish","4":"has-post-thumbnail","6":"product_cat-drinks","8":"first","9":"instock","10":"taxable","11":"shipping-taxable","12":"purchasable","13":"product-type-simple"},"_links":{"self":[{"href":"https:\/\/thesweetseria.com\/es\/wp-json\/wp\/v2\/product\/10412","targetHints":{"allow":["GET"]}}],"collection":[{"href":"https:\/\/thesweetseria.com\/es\/wp-json\/wp\/v2\/product"}],"about":[{"href":"https:\/\/thesweetseria.com\/es\/wp-json\/wp\/v2\/types\/product"}],"replies":[{"embeddable":true,"href":"https:\/\/thesweetseria.com\/es\/wp-json\/wp\/v2\/comments?post=10412"}],"wp:featuredmedia":[{"embeddable":true,"href":"https:\/\/thesweetseria.com\/es\/wp-json\/wp\/v2\/media\/10414"}],"wp:attachment":[{"href":"https:\/\/thesweetseria.com\/es\/wp-json\/wp\/v2\/media?parent=10412"}],"wp:term":[{"taxonomy":"product_cat","embeddable":true,"href":"https:\/\/thesweetseria.com\/es\/wp-json\/wp\/v2\/product_cat?post=10412"},{"taxonomy":"product_tag","embeddable":true,"href":"https:\/\/thesweetseria.com\/es\/wp-json\/wp\/v2\/product_tag?post=10412"}],"curies":[{"name":"wp","href":"https:\/\/api.w.org\/{rel}","templated":true}]}}