{"id":10408,"date":"2023-11-27T09:07:13","date_gmt":"2023-11-27T09:07:13","guid":{"rendered":"https:\/\/thesweetseria.com\/?post_type=product&#038;p=10408"},"modified":"2024-02-29T20:56:55","modified_gmt":"2024-02-29T20:56:55","slug":"cheetos-flamin-hot-35g","status":"publish","type":"product","link":"https:\/\/thesweetseria.com\/es\/producto\/cheetos-flamin-hot-35g\/","title":{"rendered":"CHEETOS FLAMIN HOT 35g"},"content":{"rendered":"","protected":false},"excerpt":{"rendered":"<p>Elaborados con aut\u00e9ntico queso, estos crujientes bocaditos de ma\u00edz inflado est\u00e1n recubiertos de un condimento especial que proporciona un picante intenso. Perfectos para los amantes de los aperitivos atrevidos, los Flamin Hot Cheetos gustan tanto a adultos como a ni\u00f1os.<\/p>","protected":false},"featured_media":10409,"comment_status":"open","ping_status":"closed","template":"","meta":{"nf_dc_page":"","inline_featured_image":false},"product_cat":[107],"product_tag":[],"class_list":{"0":"post-10408","1":"product","2":"type-product","3":"status-publish","4":"has-post-thumbnail","6":"product_cat-salty-snacks","8":"first","9":"outofstock","10":"taxable","11":"shipping-taxable","12":"purchasable","13":"product-type-simple"},"_links":{"self":[{"href":"https:\/\/thesweetseria.com\/es\/wp-json\/wp\/v2\/product\/10408","targetHints":{"allow":["GET"]}}],"collection":[{"href":"https:\/\/thesweetseria.com\/es\/wp-json\/wp\/v2\/product"}],"about":[{"href":"https:\/\/thesweetseria.com\/es\/wp-json\/wp\/v2\/types\/product"}],"replies":[{"embeddable":true,"href":"https:\/\/thesweetseria.com\/es\/wp-json\/wp\/v2\/comments?post=10408"}],"wp:featuredmedia":[{"embeddable":true,"href":"https:\/\/thesweetseria.com\/es\/wp-json\/wp\/v2\/media\/10409"}],"wp:attachment":[{"href":"https:\/\/thesweetseria.com\/es\/wp-json\/wp\/v2\/media?parent=10408"}],"wp:term":[{"taxonomy":"product_cat","embeddable":true,"href":"https:\/\/thesweetseria.com\/es\/wp-json\/wp\/v2\/product_cat?post=10408"},{"taxonomy":"product_tag","embeddable":true,"href":"https:\/\/thesweetseria.com\/es\/wp-json\/wp\/v2\/product_tag?post=10408"}],"curies":[{"name":"wp","href":"https:\/\/api.w.org\/{rel}","templated":true}]}}