{"id":10361,"date":"2023-10-23T05:42:37","date_gmt":"2023-10-23T05:42:37","guid":{"rendered":"https:\/\/thesweetseria.com\/?post_type=product&#038;p=10361"},"modified":"2024-06-19T10:41:08","modified_gmt":"2024-06-19T10:41:08","slug":"count-chocula-cereal-295g","status":"publish","type":"product","link":"https:\/\/thesweetseria.com\/es\/producto\/count-chocula-cereal-295g\/","title":{"rendered":"Count Chocula Cereal 295G"},"content":{"rendered":"","protected":false},"excerpt":{"rendered":"<p>Una cucharada de espeluznante diversi\u00f3n en cada taz\u00f3n, el Conde Chocula es una forma caprichosa de empezar el d\u00eda. Elaborado con ma\u00edz integral, el Conde Chocula combina cereales chocolatados con coloridas formas de malvavisco para crear un delicioso cereal que pueden disfrutar ni\u00f1os y adultos. Cada raci\u00f3n de este divertido cereal con tem\u00e1tica de monstruos es baja en grasas, sin colesterol ni grasas saturadas. Tambi\u00e9n es una buena fuente de calcio, cereales integrales y otras 9 vitaminas y minerales esenciales.\"<\/p>","protected":false},"featured_media":10362,"comment_status":"open","ping_status":"closed","template":"","meta":{"nf_dc_page":"","inline_featured_image":false},"product_cat":[111],"product_tag":[],"class_list":{"0":"post-10361","1":"product","2":"type-product","3":"status-publish","4":"has-post-thumbnail","6":"product_cat-cereal","8":"first","9":"outofstock","10":"sale","11":"taxable","12":"shipping-taxable","13":"purchasable","14":"product-type-simple"},"_links":{"self":[{"href":"https:\/\/thesweetseria.com\/es\/wp-json\/wp\/v2\/product\/10361","targetHints":{"allow":["GET"]}}],"collection":[{"href":"https:\/\/thesweetseria.com\/es\/wp-json\/wp\/v2\/product"}],"about":[{"href":"https:\/\/thesweetseria.com\/es\/wp-json\/wp\/v2\/types\/product"}],"replies":[{"embeddable":true,"href":"https:\/\/thesweetseria.com\/es\/wp-json\/wp\/v2\/comments?post=10361"}],"wp:featuredmedia":[{"embeddable":true,"href":"https:\/\/thesweetseria.com\/es\/wp-json\/wp\/v2\/media\/10362"}],"wp:attachment":[{"href":"https:\/\/thesweetseria.com\/es\/wp-json\/wp\/v2\/media?parent=10361"}],"wp:term":[{"taxonomy":"product_cat","embeddable":true,"href":"https:\/\/thesweetseria.com\/es\/wp-json\/wp\/v2\/product_cat?post=10361"},{"taxonomy":"product_tag","embeddable":true,"href":"https:\/\/thesweetseria.com\/es\/wp-json\/wp\/v2\/product_tag?post=10361"}],"curies":[{"name":"wp","href":"https:\/\/api.w.org\/{rel}","templated":true}]}}