{"id":10359,"date":"2023-10-23T05:41:48","date_gmt":"2023-10-23T05:41:48","guid":{"rendered":"https:\/\/thesweetseria.com\/?post_type=product&#038;p=10359"},"modified":"2024-08-29T16:46:59","modified_gmt":"2024-08-29T16:46:59","slug":"boo-berry-cereal-270g","status":"publish","type":"product","link":"https:\/\/thesweetseria.com\/es\/producto\/boo-berry-cereal-270g\/","title":{"rendered":"Boo Berry Cereal 270G"},"content":{"rendered":"","protected":false},"excerpt":{"rendered":"<p>Boo Berry Cereal es un popular cereal de desayuno conocido por su envase fantasmag\u00f3rico y con tem\u00e1tica de Halloween y su delicioso sabor afrutado. Es uno de los cereales de la l\u00ednea \"Monster Cereals\" de General Mills, junto con Count Chocula y Franken Berry. Boo Berry presenta malvaviscos azules con forma de fantasma y trozos de cereal con sabor a ar\u00e1ndanos.\n\nEl dulce sabor a ar\u00e1ndanos del cereal, combinado con las divertidas y espeluznantes formas de los malvaviscos, lo convierten en uno de los favoritos de ni\u00f1os y adultos, especialmente durante la temporada de Halloween. Los cereales Boo Berry suelen estar disponibles por tiempo limitado, lo que aumenta su atractivo como golosina de temporada. Ya sea con leche fr\u00eda o directamente de la caja como tentempi\u00e9, los cereales Boo Berry aportan un toque de diversi\u00f3n de Halloween a la mesa del desayuno.\n\nEste cereal se ha convertido en una parte muy querida de las tradiciones de Halloween para muchos, y su distintivo color azul y sabor a bayas lo convierten en una adici\u00f3n \u00fanica y agradable al mundo de los cereales para el desayuno.<\/p>","protected":false},"featured_media":10360,"comment_status":"open","ping_status":"closed","template":"","meta":{"nf_dc_page":"","inline_featured_image":false},"product_cat":[111],"product_tag":[],"class_list":{"0":"post-10359","1":"product","2":"type-product","3":"status-publish","4":"has-post-thumbnail","6":"product_cat-cereal","8":"first","9":"outofstock","10":"sale","11":"taxable","12":"shipping-taxable","13":"purchasable","14":"product-type-simple"},"_links":{"self":[{"href":"https:\/\/thesweetseria.com\/es\/wp-json\/wp\/v2\/product\/10359","targetHints":{"allow":["GET"]}}],"collection":[{"href":"https:\/\/thesweetseria.com\/es\/wp-json\/wp\/v2\/product"}],"about":[{"href":"https:\/\/thesweetseria.com\/es\/wp-json\/wp\/v2\/types\/product"}],"replies":[{"embeddable":true,"href":"https:\/\/thesweetseria.com\/es\/wp-json\/wp\/v2\/comments?post=10359"}],"wp:featuredmedia":[{"embeddable":true,"href":"https:\/\/thesweetseria.com\/es\/wp-json\/wp\/v2\/media\/10360"}],"wp:attachment":[{"href":"https:\/\/thesweetseria.com\/es\/wp-json\/wp\/v2\/media?parent=10359"}],"wp:term":[{"taxonomy":"product_cat","embeddable":true,"href":"https:\/\/thesweetseria.com\/es\/wp-json\/wp\/v2\/product_cat?post=10359"},{"taxonomy":"product_tag","embeddable":true,"href":"https:\/\/thesweetseria.com\/es\/wp-json\/wp\/v2\/product_tag?post=10359"}],"curies":[{"name":"wp","href":"https:\/\/api.w.org\/{rel}","templated":true}]}}