{"id":10329,"date":"2023-10-12T14:24:29","date_gmt":"2023-10-12T14:24:29","guid":{"rendered":"https:\/\/thesweetseria.com\/?post_type=product&#038;p=10329"},"modified":"2024-08-16T16:28:19","modified_gmt":"2024-08-16T16:28:19","slug":"hostess-popcorn-twinkies-283-gr","status":"publish","type":"product","link":"https:\/\/thesweetseria.com\/es\/producto\/hostess-popcorn-twinkies-283-gr\/","title":{"rendered":"HOSTESS POPCORN TWINKIES 283 GR"},"content":{"rendered":"","protected":false},"excerpt":{"rendered":"<p>Estas palomitas est\u00e1n repletas del incre\u00edble sabor del incre\u00edblemente famoso bizcocho dorado ligero, esponjoso y aterciopelado relleno de crema de vainilla de Hostess.<\/p>","protected":false},"featured_media":10330,"comment_status":"open","ping_status":"closed","template":"","meta":{"nf_dc_page":"","inline_featured_image":false},"product_cat":[15,108],"product_tag":[],"class_list":{"0":"post-10329","1":"product","2":"type-product","3":"status-publish","4":"has-post-thumbnail","6":"product_cat-chocolate","7":"product_cat-candies","9":"first","10":"outofstock","11":"sale","12":"taxable","13":"shipping-taxable","14":"purchasable","15":"product-type-simple"},"_links":{"self":[{"href":"https:\/\/thesweetseria.com\/es\/wp-json\/wp\/v2\/product\/10329","targetHints":{"allow":["GET"]}}],"collection":[{"href":"https:\/\/thesweetseria.com\/es\/wp-json\/wp\/v2\/product"}],"about":[{"href":"https:\/\/thesweetseria.com\/es\/wp-json\/wp\/v2\/types\/product"}],"replies":[{"embeddable":true,"href":"https:\/\/thesweetseria.com\/es\/wp-json\/wp\/v2\/comments?post=10329"}],"wp:featuredmedia":[{"embeddable":true,"href":"https:\/\/thesweetseria.com\/es\/wp-json\/wp\/v2\/media\/10330"}],"wp:attachment":[{"href":"https:\/\/thesweetseria.com\/es\/wp-json\/wp\/v2\/media?parent=10329"}],"wp:term":[{"taxonomy":"product_cat","embeddable":true,"href":"https:\/\/thesweetseria.com\/es\/wp-json\/wp\/v2\/product_cat?post=10329"},{"taxonomy":"product_tag","embeddable":true,"href":"https:\/\/thesweetseria.com\/es\/wp-json\/wp\/v2\/product_tag?post=10329"}],"curies":[{"name":"wp","href":"https:\/\/api.w.org\/{rel}","templated":true}]}}