{"id":10327,"date":"2023-10-12T14:22:57","date_gmt":"2023-10-12T14:22:57","guid":{"rendered":"https:\/\/thesweetseria.com\/?post_type=product&#038;p=10327"},"modified":"2024-10-27T18:45:35","modified_gmt":"2024-10-27T18:45:35","slug":"froot-loops-cereal-straws-5-count-10gr","status":"publish","type":"product","link":"https:\/\/thesweetseria.com\/es\/producto\/froot-loops-cereal-straws-5-count-10gr\/","title":{"rendered":"Froot loops Cereal Straws 5 Count 10gr"},"content":{"rendered":"","protected":false},"excerpt":{"rendered":"<p>USTEDES HABLARON NOSOTROS ESCUCHAMOS 12 a\u00f1os despu\u00e9s de que las ic\u00f3nicas pajitas de cereales Kellogg dejaran de fabricarse, ustedes pidieron que volvieran. Los fans de todo el mundo sent\u00edan nostalgia por estas golosinas afrutadas, as\u00ed que pasamos a la acci\u00f3n.<\/p>\n<p>LOS NI\u00d1OS DE LOS 90 SE ALEGRAR\u00c1N \u00a1Los snacks que conoc\u00edas y adorabas de ni\u00f1o han vuelto! Las pajitas de barquillo est\u00e1n rellenas de golosinas afrutadas, \u00a1divi\u00e9rtete sorbi\u00e9ndolas! Perfectas para compartir con amigos o para ti solo... no te juzgaremos.<\/p>\n<p>BA\u00d1AR Y COMER Coloca la pajita de cereales en la leche, sorbe y disfruta. Las pajitas est\u00e1n hechas para que tu leche sepa un poquito m\u00e1s dulce.<\/p>\n<p>COMPARTE EL AMOR Las pajitas de cereales Froot Loop son un capricho delicioso que viene con lo suficiente para compartir. Reg\u00e1lalas en cumplea\u00f1os, vacaciones o simplemente porque s\u00ed.<\/p>","protected":false},"featured_media":10328,"comment_status":"open","ping_status":"closed","template":"","meta":{"nf_dc_page":"","inline_featured_image":false},"product_cat":[108],"product_tag":[],"class_list":{"0":"post-10327","1":"product","2":"type-product","3":"status-publish","4":"has-post-thumbnail","6":"product_cat-candies","8":"first","9":"outofstock","10":"sale","11":"taxable","12":"shipping-taxable","13":"purchasable","14":"product-type-simple"},"_links":{"self":[{"href":"https:\/\/thesweetseria.com\/es\/wp-json\/wp\/v2\/product\/10327","targetHints":{"allow":["GET"]}}],"collection":[{"href":"https:\/\/thesweetseria.com\/es\/wp-json\/wp\/v2\/product"}],"about":[{"href":"https:\/\/thesweetseria.com\/es\/wp-json\/wp\/v2\/types\/product"}],"replies":[{"embeddable":true,"href":"https:\/\/thesweetseria.com\/es\/wp-json\/wp\/v2\/comments?post=10327"}],"wp:featuredmedia":[{"embeddable":true,"href":"https:\/\/thesweetseria.com\/es\/wp-json\/wp\/v2\/media\/10328"}],"wp:attachment":[{"href":"https:\/\/thesweetseria.com\/es\/wp-json\/wp\/v2\/media?parent=10327"}],"wp:term":[{"taxonomy":"product_cat","embeddable":true,"href":"https:\/\/thesweetseria.com\/es\/wp-json\/wp\/v2\/product_cat?post=10327"},{"taxonomy":"product_tag","embeddable":true,"href":"https:\/\/thesweetseria.com\/es\/wp-json\/wp\/v2\/product_tag?post=10327"}],"curies":[{"name":"wp","href":"https:\/\/api.w.org\/{rel}","templated":true}]}}