{"id":10309,"date":"2023-10-04T07:00:20","date_gmt":"2023-10-04T07:00:20","guid":{"rendered":"https:\/\/thesweetseria.com\/?post_type=product&#038;p=10309"},"modified":"2024-07-04T16:21:06","modified_gmt":"2024-07-04T16:21:06","slug":"hersheys-flat-white-chocolate-bar-90g","status":"publish","type":"product","link":"https:\/\/thesweetseria.com\/es\/producto\/hersheys-flat-white-chocolate-bar-90g\/","title":{"rendered":"Hershey&#8217;s Flat White Chocolate Bar 90g"},"content":{"rendered":"","protected":false},"excerpt":{"rendered":"<p>La tableta de chocolate con sabor a chocolate blanco y caf\u00e9 de Hershey's es una joya que debe probar. Es sencilla, una encantadora barrita de color cremoso hecha con chocolate blanco, pepitas de chocolate y caf\u00e9. La combinaci\u00f3n de texturas y sabores te derretir\u00e1... Estamos seguros de que le encantar\u00e1 este tentempi\u00e9, \u00a1perfecto para un delicioso descanso!<\/p>","protected":false},"featured_media":10310,"comment_status":"open","ping_status":"closed","template":"","meta":{"nf_dc_page":"","inline_featured_image":false},"product_cat":[15],"product_tag":[],"class_list":{"0":"post-10309","1":"product","2":"type-product","3":"status-publish","4":"has-post-thumbnail","6":"product_cat-chocolate","8":"first","9":"outofstock","10":"taxable","11":"shipping-taxable","12":"purchasable","13":"product-type-simple"},"_links":{"self":[{"href":"https:\/\/thesweetseria.com\/es\/wp-json\/wp\/v2\/product\/10309","targetHints":{"allow":["GET"]}}],"collection":[{"href":"https:\/\/thesweetseria.com\/es\/wp-json\/wp\/v2\/product"}],"about":[{"href":"https:\/\/thesweetseria.com\/es\/wp-json\/wp\/v2\/types\/product"}],"replies":[{"embeddable":true,"href":"https:\/\/thesweetseria.com\/es\/wp-json\/wp\/v2\/comments?post=10309"}],"wp:featuredmedia":[{"embeddable":true,"href":"https:\/\/thesweetseria.com\/es\/wp-json\/wp\/v2\/media\/10310"}],"wp:attachment":[{"href":"https:\/\/thesweetseria.com\/es\/wp-json\/wp\/v2\/media?parent=10309"}],"wp:term":[{"taxonomy":"product_cat","embeddable":true,"href":"https:\/\/thesweetseria.com\/es\/wp-json\/wp\/v2\/product_cat?post=10309"},{"taxonomy":"product_tag","embeddable":true,"href":"https:\/\/thesweetseria.com\/es\/wp-json\/wp\/v2\/product_tag?post=10309"}],"curies":[{"name":"wp","href":"https:\/\/api.w.org\/{rel}","templated":true}]}}