{"id":10305,"date":"2023-10-04T06:58:13","date_gmt":"2023-10-04T06:58:13","guid":{"rendered":"https:\/\/thesweetseria.com\/?post_type=product&#038;p=10305"},"modified":"2024-03-25T21:31:15","modified_gmt":"2024-03-25T21:31:15","slug":"coca-cola-georgia-craft-sweet-americano-470ml","status":"publish","type":"product","link":"https:\/\/thesweetseria.com\/es\/producto\/coca-cola-georgia-craft-sweet-americano-470ml\/","title":{"rendered":"Coca Cola Georgia Craft Sweet Americano 470ml"},"content":{"rendered":"","protected":false},"excerpt":{"rendered":"<p>El caf\u00e9 es muy popular en Corea del Sur. \u00a1La prueba est\u00e1 en esta refrescante bebida de caf\u00e9 negro! \u00a1T\u00fa tambi\u00e9n podr\u00edas convertirte en un adicto al caf\u00e9 despu\u00e9s de probar esta excepcional bebida que revela todos los aromas de un buen caf\u00e9!<\/p>","protected":false},"featured_media":10306,"comment_status":"open","ping_status":"closed","template":"","meta":{"nf_dc_page":"","inline_featured_image":false},"product_cat":[90],"product_tag":[],"class_list":{"0":"post-10305","1":"product","2":"type-product","3":"status-publish","4":"has-post-thumbnail","6":"product_cat-drinks","8":"first","9":"outofstock","10":"taxable","11":"shipping-taxable","12":"purchasable","13":"product-type-simple"},"_links":{"self":[{"href":"https:\/\/thesweetseria.com\/es\/wp-json\/wp\/v2\/product\/10305","targetHints":{"allow":["GET"]}}],"collection":[{"href":"https:\/\/thesweetseria.com\/es\/wp-json\/wp\/v2\/product"}],"about":[{"href":"https:\/\/thesweetseria.com\/es\/wp-json\/wp\/v2\/types\/product"}],"replies":[{"embeddable":true,"href":"https:\/\/thesweetseria.com\/es\/wp-json\/wp\/v2\/comments?post=10305"}],"wp:featuredmedia":[{"embeddable":true,"href":"https:\/\/thesweetseria.com\/es\/wp-json\/wp\/v2\/media\/10306"}],"wp:attachment":[{"href":"https:\/\/thesweetseria.com\/es\/wp-json\/wp\/v2\/media?parent=10305"}],"wp:term":[{"taxonomy":"product_cat","embeddable":true,"href":"https:\/\/thesweetseria.com\/es\/wp-json\/wp\/v2\/product_cat?post=10305"},{"taxonomy":"product_tag","embeddable":true,"href":"https:\/\/thesweetseria.com\/es\/wp-json\/wp\/v2\/product_tag?post=10305"}],"curies":[{"name":"wp","href":"https:\/\/api.w.org\/{rel}","templated":true}]}}