{"id":10255,"date":"2023-09-27T06:27:33","date_gmt":"2023-09-27T06:27:33","guid":{"rendered":"https:\/\/thesweetseria.com\/?post_type=product&#038;p=10255"},"modified":"2024-08-21T12:40:00","modified_gmt":"2024-08-21T12:40:00","slug":"trident-sour-patch-tropical-peach-mango-gum-115g","status":"publish","type":"product","link":"https:\/\/thesweetseria.com\/es\/producto\/trident-sour-patch-tropical-peach-mango-gum-115g\/","title":{"rendered":"TRIDENT SOUR PATCH TROPICAL PEACH MANGO GUM 115G"},"content":{"rendered":"","protected":false},"excerpt":{"rendered":"<p>Cada chicle Trident tiene una cubierta crujiente parecida a un caramelo que est\u00e1 cargada con sabor a SOUR PATCH KIDS Tropical Peach Mango. Este chicle de frutas es una gran manera de refrescarse la boca o satisfacer un antojo de caramelo \u00e1cido. Los paquetes de chicles sin az\u00facar con xilitol tienen 5 calor\u00edas por pieza.<\/p>","protected":false},"featured_media":10257,"comment_status":"open","ping_status":"closed","template":"","meta":{"nf_dc_page":"","inline_featured_image":false},"product_cat":[108],"product_tag":[],"class_list":{"0":"post-10255","1":"product","2":"type-product","3":"status-publish","4":"has-post-thumbnail","6":"product_cat-candies","8":"first","9":"outofstock","10":"taxable","11":"shipping-taxable","12":"purchasable","13":"product-type-simple"},"_links":{"self":[{"href":"https:\/\/thesweetseria.com\/es\/wp-json\/wp\/v2\/product\/10255","targetHints":{"allow":["GET"]}}],"collection":[{"href":"https:\/\/thesweetseria.com\/es\/wp-json\/wp\/v2\/product"}],"about":[{"href":"https:\/\/thesweetseria.com\/es\/wp-json\/wp\/v2\/types\/product"}],"replies":[{"embeddable":true,"href":"https:\/\/thesweetseria.com\/es\/wp-json\/wp\/v2\/comments?post=10255"}],"wp:featuredmedia":[{"embeddable":true,"href":"https:\/\/thesweetseria.com\/es\/wp-json\/wp\/v2\/media\/10257"}],"wp:attachment":[{"href":"https:\/\/thesweetseria.com\/es\/wp-json\/wp\/v2\/media?parent=10255"}],"wp:term":[{"taxonomy":"product_cat","embeddable":true,"href":"https:\/\/thesweetseria.com\/es\/wp-json\/wp\/v2\/product_cat?post=10255"},{"taxonomy":"product_tag","embeddable":true,"href":"https:\/\/thesweetseria.com\/es\/wp-json\/wp\/v2\/product_tag?post=10255"}],"curies":[{"name":"wp","href":"https:\/\/api.w.org\/{rel}","templated":true}]}}