{"id":10226,"date":"2023-09-08T13:49:14","date_gmt":"2023-09-08T13:49:14","guid":{"rendered":"https:\/\/thesweetseria.com\/?post_type=product&#038;p=10226"},"modified":"2024-10-31T16:44:15","modified_gmt":"2024-10-31T16:44:15","slug":"ojos-locos-mutantes-5g","status":"publish","type":"product","link":"https:\/\/thesweetseria.com\/es\/producto\/ojos-locos-mutantes-5g\/","title":{"rendered":"Ojos Locos Mutantes 5g"},"content":{"rendered":"","protected":false},"excerpt":{"rendered":"<p>Tiernos caramelos de goma con sabor a fresa \u00e1cida y rellenos de gelatina de colores variados con forma de ojos. Cada unidad va envuelta individualmente en bl\u00edster de pl\u00e1stico.<\/p>","protected":false},"featured_media":10244,"comment_status":"open","ping_status":"closed","template":"","meta":{"nf_dc_page":"","inline_featured_image":false},"product_cat":[108],"product_tag":[],"class_list":{"0":"post-10226","1":"product","2":"type-product","3":"status-publish","4":"has-post-thumbnail","6":"product_cat-candies","8":"first","9":"instock","10":"taxable","11":"shipping-taxable","12":"purchasable","13":"product-type-simple"},"_links":{"self":[{"href":"https:\/\/thesweetseria.com\/es\/wp-json\/wp\/v2\/product\/10226","targetHints":{"allow":["GET"]}}],"collection":[{"href":"https:\/\/thesweetseria.com\/es\/wp-json\/wp\/v2\/product"}],"about":[{"href":"https:\/\/thesweetseria.com\/es\/wp-json\/wp\/v2\/types\/product"}],"replies":[{"embeddable":true,"href":"https:\/\/thesweetseria.com\/es\/wp-json\/wp\/v2\/comments?post=10226"}],"wp:featuredmedia":[{"embeddable":true,"href":"https:\/\/thesweetseria.com\/es\/wp-json\/wp\/v2\/media\/10244"}],"wp:attachment":[{"href":"https:\/\/thesweetseria.com\/es\/wp-json\/wp\/v2\/media?parent=10226"}],"wp:term":[{"taxonomy":"product_cat","embeddable":true,"href":"https:\/\/thesweetseria.com\/es\/wp-json\/wp\/v2\/product_cat?post=10226"},{"taxonomy":"product_tag","embeddable":true,"href":"https:\/\/thesweetseria.com\/es\/wp-json\/wp\/v2\/product_tag?post=10226"}],"curies":[{"name":"wp","href":"https:\/\/api.w.org\/{rel}","templated":true}]}}