{"id":10124,"date":"2023-07-17T07:30:42","date_gmt":"2023-07-17T07:30:42","guid":{"rendered":"https:\/\/thesweetseria.com\/?post_type=product&#038;p=10124"},"modified":"2024-02-28T17:12:52","modified_gmt":"2024-02-28T17:12:52","slug":"warheads-freezer-bars-283g","status":"publish","type":"product","link":"https:\/\/thesweetseria.com\/es\/producto\/warheads-freezer-bars-283g\/","title":{"rendered":"Warheads Freezer Bars 283g"},"content":{"rendered":"","protected":false},"excerpt":{"rendered":"<p>Los polos Warheads no contienen grasa y est\u00e1n repletos de sabor \u00e1cido y jugoso. S\u00f3lo tienes que colocar las paletas en el congelador hasta que el l\u00edquido se congele, a continuaci\u00f3n, s\u00f3lo cortar la parte superior y empuje hacia arriba para disfrutar. No podemos esperar a ver la cara agria que pondr\u00e1s.<\/p>","protected":false},"featured_media":10125,"comment_status":"open","ping_status":"closed","template":"","meta":{"nf_dc_page":"","inline_featured_image":false},"product_cat":[108],"product_tag":[],"class_list":{"0":"post-10124","1":"product","2":"type-product","3":"status-publish","4":"has-post-thumbnail","6":"product_cat-candies","8":"first","9":"outofstock","10":"taxable","11":"shipping-taxable","12":"purchasable","13":"product-type-simple"},"_links":{"self":[{"href":"https:\/\/thesweetseria.com\/es\/wp-json\/wp\/v2\/product\/10124","targetHints":{"allow":["GET"]}}],"collection":[{"href":"https:\/\/thesweetseria.com\/es\/wp-json\/wp\/v2\/product"}],"about":[{"href":"https:\/\/thesweetseria.com\/es\/wp-json\/wp\/v2\/types\/product"}],"replies":[{"embeddable":true,"href":"https:\/\/thesweetseria.com\/es\/wp-json\/wp\/v2\/comments?post=10124"}],"wp:featuredmedia":[{"embeddable":true,"href":"https:\/\/thesweetseria.com\/es\/wp-json\/wp\/v2\/media\/10125"}],"wp:attachment":[{"href":"https:\/\/thesweetseria.com\/es\/wp-json\/wp\/v2\/media?parent=10124"}],"wp:term":[{"taxonomy":"product_cat","embeddable":true,"href":"https:\/\/thesweetseria.com\/es\/wp-json\/wp\/v2\/product_cat?post=10124"},{"taxonomy":"product_tag","embeddable":true,"href":"https:\/\/thesweetseria.com\/es\/wp-json\/wp\/v2\/product_tag?post=10124"}],"curies":[{"name":"wp","href":"https:\/\/api.w.org\/{rel}","templated":true}]}}