{"id":10091,"date":"2023-07-04T22:14:51","date_gmt":"2023-07-04T22:14:51","guid":{"rendered":"https:\/\/thesweetseria.com\/?post_type=product&#038;p=10091"},"modified":"2026-03-05T11:11:04","modified_gmt":"2026-03-05T11:11:04","slug":"skittles-giants-141g","status":"publish","type":"product","link":"https:\/\/thesweetseria.com\/es\/producto\/skittles-giants-141g\/","title":{"rendered":"Skittles Giants 141g"},"content":{"rendered":"","protected":false},"excerpt":{"rendered":"<p>Caramelos de gran tama\u00f1o y deliciosamente \u00e1cidos, tres veces m\u00e1s grandes que los SKITTLES originales, pero con el mismo arco iris de \u00e1cidos sabores afrutados. Llene el bol de caramelos de su casa u oficina con una golosina que encantar\u00e1 a todo el mundo.<\/p>","protected":false},"featured_media":10098,"comment_status":"open","ping_status":"closed","template":"","meta":{"nf_dc_page":"","inline_featured_image":false},"product_cat":[108],"product_tag":[],"class_list":{"0":"post-10091","1":"product","2":"type-product","3":"status-publish","4":"has-post-thumbnail","6":"product_cat-candies","8":"first","9":"instock","10":"taxable","11":"shipping-taxable","12":"purchasable","13":"product-type-simple"},"_links":{"self":[{"href":"https:\/\/thesweetseria.com\/es\/wp-json\/wp\/v2\/product\/10091","targetHints":{"allow":["GET"]}}],"collection":[{"href":"https:\/\/thesweetseria.com\/es\/wp-json\/wp\/v2\/product"}],"about":[{"href":"https:\/\/thesweetseria.com\/es\/wp-json\/wp\/v2\/types\/product"}],"replies":[{"embeddable":true,"href":"https:\/\/thesweetseria.com\/es\/wp-json\/wp\/v2\/comments?post=10091"}],"wp:featuredmedia":[{"embeddable":true,"href":"https:\/\/thesweetseria.com\/es\/wp-json\/wp\/v2\/media\/10098"}],"wp:attachment":[{"href":"https:\/\/thesweetseria.com\/es\/wp-json\/wp\/v2\/media?parent=10091"}],"wp:term":[{"taxonomy":"product_cat","embeddable":true,"href":"https:\/\/thesweetseria.com\/es\/wp-json\/wp\/v2\/product_cat?post=10091"},{"taxonomy":"product_tag","embeddable":true,"href":"https:\/\/thesweetseria.com\/es\/wp-json\/wp\/v2\/product_tag?post=10091"}],"curies":[{"name":"wp","href":"https:\/\/api.w.org\/{rel}","templated":true}]}}