{"id":10032,"date":"2023-06-22T08:45:51","date_gmt":"2023-06-22T08:45:51","guid":{"rendered":"https:\/\/thesweetseria.com\/?post_type=product&#038;p=10032"},"modified":"2024-10-27T18:49:16","modified_gmt":"2024-10-27T18:49:16","slug":"prime-ice-pop-500ml","status":"publish","type":"product","link":"https:\/\/thesweetseria.com\/es\/producto\/prime-ice-pop-500ml\/","title":{"rendered":"Prime Ice Pop 500ml"},"content":{"rendered":"","protected":false},"excerpt":{"rendered":"<p>Presentamos la nueva bebida hidratante Ice Pop de Prime. PRIME Ice Pop es audaz y extremadamente refrescante con sabores que sacian la sed de cereza, frambuesa azul y lima. Esta bebida deliciosa y refrescante se ve reforzada con potasio y electrolitos para ayudar a mantenerte hidratado durante tu entrenamiento o en cualquier momento que necesites un estimulante. Tambi\u00e9n est\u00e1 reforzada con vitaminas B para la producci\u00f3n de energ\u00eda y el metabolismo.<\/p>","protected":false},"featured_media":10033,"comment_status":"open","ping_status":"closed","template":"","meta":{"nf_dc_page":"","inline_featured_image":false},"product_cat":[90],"product_tag":[],"class_list":{"0":"post-10032","1":"product","2":"type-product","3":"status-publish","4":"has-post-thumbnail","6":"product_cat-drinks","8":"first","9":"outofstock","10":"sale","11":"taxable","12":"shipping-taxable","13":"purchasable","14":"product-type-simple"},"_links":{"self":[{"href":"https:\/\/thesweetseria.com\/es\/wp-json\/wp\/v2\/product\/10032","targetHints":{"allow":["GET"]}}],"collection":[{"href":"https:\/\/thesweetseria.com\/es\/wp-json\/wp\/v2\/product"}],"about":[{"href":"https:\/\/thesweetseria.com\/es\/wp-json\/wp\/v2\/types\/product"}],"replies":[{"embeddable":true,"href":"https:\/\/thesweetseria.com\/es\/wp-json\/wp\/v2\/comments?post=10032"}],"wp:featuredmedia":[{"embeddable":true,"href":"https:\/\/thesweetseria.com\/es\/wp-json\/wp\/v2\/media\/10033"}],"wp:attachment":[{"href":"https:\/\/thesweetseria.com\/es\/wp-json\/wp\/v2\/media?parent=10032"}],"wp:term":[{"taxonomy":"product_cat","embeddable":true,"href":"https:\/\/thesweetseria.com\/es\/wp-json\/wp\/v2\/product_cat?post=10032"},{"taxonomy":"product_tag","embeddable":true,"href":"https:\/\/thesweetseria.com\/es\/wp-json\/wp\/v2\/product_tag?post=10032"}],"curies":[{"name":"wp","href":"https:\/\/api.w.org\/{rel}","templated":true}]}}