{"id":10015,"date":"2023-06-22T08:33:20","date_gmt":"2023-06-22T08:33:20","guid":{"rendered":"https:\/\/thesweetseria.com\/?post_type=product&#038;p=10015"},"modified":"2024-01-29T17:19:08","modified_gmt":"2024-01-29T17:19:08","slug":"dr-pepper-original-glass-bottle-355ml","status":"publish","type":"product","link":"https:\/\/thesweetseria.com\/es\/producto\/dr-pepper-original-glass-bottle-355ml\/","title":{"rendered":"Dr Pepper Original Glass Bottle 355ml"},"content":{"rendered":"","protected":false},"excerpt":{"rendered":"<p>Dr Pepper conmemora m\u00e1s de 125 a\u00f1os de su sabor Always One of a Kind con este sabor y envase retro-edici\u00f3n de los a\u00f1os 60. Disfrute de la misma receta original de 23 sabores caracter\u00edsticos mezclados en una bebida deliciosamente \u00fanica hecha con az\u00facar. Fundada en 1885, Dr Pepper tiene una historia ic\u00f3nica de ofrecer un refresco satisfactorio. Disfrute de una explosi\u00f3n del pasado cuando pruebe Dr Pepper Made with Sugar.<\/p>","protected":false},"featured_media":10017,"comment_status":"open","ping_status":"closed","template":"","meta":{"nf_dc_page":"","inline_featured_image":false},"product_cat":[90],"product_tag":[],"class_list":{"0":"post-10015","1":"product","2":"type-product","3":"status-publish","4":"has-post-thumbnail","6":"product_cat-drinks","8":"first","9":"outofstock","10":"taxable","11":"shipping-taxable","12":"purchasable","13":"product-type-simple"},"_links":{"self":[{"href":"https:\/\/thesweetseria.com\/es\/wp-json\/wp\/v2\/product\/10015","targetHints":{"allow":["GET"]}}],"collection":[{"href":"https:\/\/thesweetseria.com\/es\/wp-json\/wp\/v2\/product"}],"about":[{"href":"https:\/\/thesweetseria.com\/es\/wp-json\/wp\/v2\/types\/product"}],"replies":[{"embeddable":true,"href":"https:\/\/thesweetseria.com\/es\/wp-json\/wp\/v2\/comments?post=10015"}],"wp:featuredmedia":[{"embeddable":true,"href":"https:\/\/thesweetseria.com\/es\/wp-json\/wp\/v2\/media\/10017"}],"wp:attachment":[{"href":"https:\/\/thesweetseria.com\/es\/wp-json\/wp\/v2\/media?parent=10015"}],"wp:term":[{"taxonomy":"product_cat","embeddable":true,"href":"https:\/\/thesweetseria.com\/es\/wp-json\/wp\/v2\/product_cat?post=10015"},{"taxonomy":"product_tag","embeddable":true,"href":"https:\/\/thesweetseria.com\/es\/wp-json\/wp\/v2\/product_tag?post=10015"}],"curies":[{"name":"wp","href":"https:\/\/api.w.org\/{rel}","templated":true}]}}